{"id":15,"date":"2016-07-18T11:02:49","date_gmt":"2016-07-18T11:02:49","guid":{"rendered":"http:\/\/www.els-industries.com\/?page_id=15"},"modified":"2021-06-30T10:18:41","modified_gmt":"2021-06-30T10:18:41","slug":"els","status":"publish","type":"page","link":"https:\/\/www.els-industries.com\/es\/els\/","title":{"rendered":"ELS"},"content":{"rendered":"<p><\/p>\n<div class=\"content__block\" data-scrollwatch-role=\"target\" data-scrollwatch-id=\"profile\">\n<h1>Perfil de empresa<\/h1>\n<div class=\"line-title\">\u00a0<\/div>\n<p>Engineered Land Systems (ELS) es l\u00edder mundial en dise\u00f1o y fabricaci\u00f3n de carrocer\u00edas y sistemas para uso militar y comercial. Nuestros sistemas y carrocer\u00edas est\u00e1n altamente testadas en los territorios m\u00e1s dif\u00edciles y hostiles. Todo nuestro dise\u00f1o, producci\u00f3n y aseguramiento de la calidad se lleva a cabo por nuestros especialistas en nuestra planta de Tomelloso (Espa\u00f1a).<\/p>\n<figure><img decoding=\"async\" loading=\"lazy\" src=\"http:\/\/www.els-industries.com\/wp-content\/themes\/els2016\/images\/img-els-1.jpg\" width=\"970\" height=\"250\" \/><\/figure>\n<\/div>\n<div class=\"content__block\" data-scrollwatch-role=\"target\" data-scrollwatch-id=\"production\">\n<h1>Producci\u00f3n<\/h1>\n<div class=\"line-title\">\u00a0<\/div>\n<div class=\"col-sm-6\">\n<h2>Concepto &#8211;\u00a0Cu\u00e9ntanos t\u00fa idea<\/h2>\n<p>Expr\u00e9sanos una idea y nosotros trabajaremos con nuestros expertos para ofrecer distintas soluciones y plasmar en un dise\u00f1o el CONCEPTO que tienes en tu cabeza.<\/p>\n<h2>Prototipos + Pruebas<\/h2>\n<p>Tan pronto se aprueba el Dise\u00f1o se pasa a la fase de prototipos. Nuestro equipo de prototipos dispone de un \u00e1rea exclusiva en nuestras modernas instalaciones, donde transforma las ideas en algo material.<\/p>\n<p>Durante la fabricaci\u00f3n del prototipo se hace un exhaustivo seguimiento, con informaci\u00f3n diaria al cliente del status del proyecto, avances y resultados.<\/p>\n<p>Una vez finalizado el prototipo, se somete a ensayos de fatiga, pruebas de torsi\u00f3n, compatibilidad electromagn\u00e9tica, corrosi\u00f3n\u2026 y se prueba en nuestra pista de pruebas, poniendo el producto al l\u00edmite hasta la aceptaci\u00f3n final de nuestro departamento de Calidad.<\/p>\n<\/div>\n<div class=\"col-sm-6\">\n<h2>Dise\u00f1o &#8211; De tu cabeza al papel<\/h2>\n<p>Nuestro departamento de Dise\u00f1o e Ingenier\u00eda dise\u00f1a el concepto y las ideas planteadas en la etapa anterior. Todo el proyecto se dise\u00f1a en 3D antes de su fabricaci\u00f3n con el fin de poder realizar todos los cambios necesarios hasta la aprobaci\u00f3n final.<\/p>\n<h2>Producci\u00f3n<\/h2>\n<p>Una vez se aprueba el Prototipo, se lanza la producci\u00f3n en serie- Con nuestro IQP &#8220;Integrity Quality Process&#8221; (Proceso de Calidad integrada), cada fase del proceso productivo es examinada con precisi\u00f3n por nuestro departamento de Calidad.<\/p>\n<h2>ILS &#8211; Soporte Log\u00edstico Integrado<\/h2>\n<p>Una vez que el producto sale de nuestras instalaciones y llega a las manos de nuestro cliente, se cuida la trazabilidad durante el ciclo de su vida. Todo est\u00e1 concebido, dise\u00f1ado y fabricado para alargar la durabilidad y el mantenimiento del producto final.<\/p>\n<\/div>\n<figure><img decoding=\"async\" loading=\"lazy\" src=\"http:\/\/www.els-industries.com\/wp-content\/themes\/els2016\/images\/img-els-2.jpg\" width=\"970\" height=\"250\" \/><\/figure>\n<\/div>\n<div class=\"content__block\" data-scrollwatch-role=\"target\" data-scrollwatch-id=\"innovation\">\n<h1>Innovaci\u00f3n &#8211; Flexibilidad &#8211; Global<\/h1>\n<div class=\"line-title\">\u00a0<\/div>\n<div class=\"col-sm-6\">\n<h2>Construidos para responder<\/h2>\n<p>ELS trabaja diariamente con la pasi\u00f3n de poder hacer llegar a sus clientes productos de alta calidad. Que funcionan. Que responden. Todos nuestros esfuerzos van enfocados a la entera satisfacci\u00f3n del cliente y usuario final.<\/p>\n<h2>Flexibilidad<\/h2>\n<p>Ahora mandas t\u00fa. Elige COMO, CUANDO y DONDE quieres el producto. Al contrario que con\u00a0las mega corporaciones a las que debes adaptarte. Ahora nosotros nos adaptamos a ti.<\/p>\n<\/div>\n<div class=\"col-sm-6\">\n<h2>Innovaci\u00f3n<\/h2>\n<p>Hemos eliminado el \u201cNo se puede\u201d de nuestro vocabulario. Nosotros SI podemos hacerlo. Expresa todo lo que llevas en tu cabeza, dinos qu\u00e9 es lo que necesitas y, si no existe, lo inventamos. Preg\u00fantanos. Desaf\u00edanos\u2026<\/p>\n<h2>Internacional<\/h2>\n<p>Piensa Global, Act\u00faa Local. Nunca hemos estado tan cerca de un extremo a otro del mundo. NO HAY DISTANCIAS \u2013 NO HAY LIMITES. Somos Internacionales. Hemos nacido, crecido y aprendido con ello. Estamos m\u00e1s cerca de ti de lo que puedes imaginar.<\/p>\n<\/div>\n<figure><img decoding=\"async\" loading=\"lazy\" src=\"http:\/\/www.els-industries.com\/wp-content\/themes\/els2016\/images\/img-els-3.jpg\" width=\"970\" height=\"250\" \/><\/figure>\n<\/div>\n<p><\/p>","protected":false},"excerpt":{"rendered":"<p>Perfil de empresa \u00a0 Engineered Land Systems (ELS) es l\u00edder mundial en dise\u00f1o y fabricaci\u00f3n de carrocer\u00edas y sistemas para uso militar y comercial. Nuestros sistemas y carrocer\u00edas est\u00e1n altamente testadas en los territorios m\u00e1s dif\u00edciles y hostiles. Todo nuestro dise\u00f1o, producci\u00f3n y aseguramiento de la calidad se lleva a cabo por nuestros especialistas en [&hellip;]<\/p>\n","protected":false},"author":1,"featured_media":0,"parent":0,"menu_order":0,"comment_status":"closed","ping_status":"closed","template":"template-els.php","meta":[],"_links":{"self":[{"href":"https:\/\/www.els-industries.com\/es\/wp-json\/wp\/v2\/pages\/15"}],"collection":[{"href":"https:\/\/www.els-industries.com\/es\/wp-json\/wp\/v2\/pages"}],"about":[{"href":"https:\/\/www.els-industries.com\/es\/wp-json\/wp\/v2\/types\/page"}],"author":[{"embeddable":true,"href":"https:\/\/www.els-industries.com\/es\/wp-json\/wp\/v2\/users\/1"}],"replies":[{"embeddable":true,"href":"https:\/\/www.els-industries.com\/es\/wp-json\/wp\/v2\/comments?post=15"}],"version-history":[{"count":31,"href":"https:\/\/www.els-industries.com\/es\/wp-json\/wp\/v2\/pages\/15\/revisions"}],"predecessor-version":[{"id":1148,"href":"https:\/\/www.els-industries.com\/es\/wp-json\/wp\/v2\/pages\/15\/revisions\/1148"}],"wp:attachment":[{"href":"https:\/\/www.els-industries.com\/es\/wp-json\/wp\/v2\/media?parent=15"}],"curies":[{"name":"wp","href":"https:\/\/api.w.org\/{rel}","templated":true}]}}