{"id":25,"date":"2016-07-18T15:26:53","date_gmt":"2016-07-18T15:26:53","guid":{"rendered":"http:\/\/www.els-industries.com\/?page_id=25"},"modified":"2016-09-24T15:47:29","modified_gmt":"2016-09-24T15:47:29","slug":"kits","status":"publish","type":"page","link":"https:\/\/www.els-industries.com\/es\/kits\/","title":{"rendered":"Kits"},"content":{"rendered":"<p><\/p>\n<section class=\"page-products page-products--kits\">\n<div class=\"page-products--kits__left col-md-6\">\n<figure><img decoding=\"async\" loading=\"lazy\" src=\"http:\/\/www.els-industries.com\/wp-content\/themes\/els2016\/images\/logo-rak.png\" width=\"1000\" height=\"216\" \/><\/figure>\n<p>El concepto revolucionario de RAK by ELS permite ensamblar carrocer\u00edas de log\u00edstica militar en cualquier lugar del mundo de la manera m\u00e1s simple, r\u00e1pida y econ\u00f3mica.<\/p>\n<div class=\"title-raks\">\n<h1>Kits &#8211; Disponibles en<\/h1>\n<\/div>\n<div class=\"type-raks\">\n<div class=\"type-raks__block col-sm-6\">\n<h1>CKD<\/h1>\n<p>kits completo para ensamblar<\/p>\n<\/div>\n<div class=\"type-raks__block col-sm-6\">\n<h1>SKD<\/h1>\n<p>semi ensamblado<\/p>\n<\/div>\n<\/div>\n<p>Los Kits de ensamblaje r\u00e1pido RAK incluyen todas las instrucciones de montaje y ensamblaje, listado de herramientas, y toda la documentaci\u00f3n necesaria para ensamblar la carrocer\u00eda de la manera f\u00e1cil. Incluyendo listado de piezas, tiempos de ensamblaje por fases, videos y fotos.<\/p>\n<h1>Dependiendo del trabajo final de ensamblaje que requiera el cliente<\/h1>\n<div class=\"list-kits\">\n<ul class=\"fa-ul\">\n<li><i class=\"fa-li fa fa-check-circle\"><\/i>Gran gama de Modelos de Carrocer\u00edas<\/li>\n<li><i class=\"fa-li fa fa-check-circle\"><\/i>Crea Valor Local \/ Regional<\/li>\n<li><i class=\"fa-li fa fa-check-circle\"><\/i>Transferencia de Tecnolog\u00eda<\/li>\n<li><i class=\"fa-li fa fa-check-circle\"><\/i>Ahorro de gastos de Transporte<\/li>\n<li><i class=\"fa-li fa fa-check-circle\"><\/i>Programas de Compensaci\u00f3n Industrial<\/li>\n<li><i class=\"fa-li fa fa-check-circle\"><\/i>Proyectos a Medida<\/li>\n<li><i class=\"fa-li fa fa-check-circle\"><\/i>Minimiza impuestos de importaci\u00f3n<\/li>\n<\/ul>\n<\/div>\n<\/div>\n<div class=\"page-products--kits__right col-md-6\">\n<div class=\"page-products--kits__right-video\">\n<div class=\"video-responsive\"><iframe width=\"300\" height=\"150\" frameborder=\"0\" allowfullscreen=\"allowfullscreen\" data-src=\"https:\/\/www.youtube.com\/embed\/55AoA08og6o?rel=0&amp;controls=0&amp;showinfo=0\"><\/iframe><\/div>\n<p><!--<iframe loading=\"lazy\" width=\"100%\" height=\"315\" src=\"https:\/\/www.youtube.com\/embed\/_nq96-mXNKc?rel=0&amp;controls=0&amp;showinfo=0\" frameborder=\"0\" allowfullscreen><\/iframe>--><\/div>\n<div class=\"page-products--kits__right-info\">\n<h2>Protecci\u00f3n contra la corrosi\u00f3n<\/h2>\n<p>Todas las piezas y materiales del Kit son tratadas con un tratamiento y revestimiento especial, que proporciona una completa protecci\u00f3n contra la corrosi\u00f3n en cualquier clima al que se exponga la carrocer\u00eda.<\/p>\n<h2>Consultor\u00eda<\/h2>\n<p>Asesoramos a nuestros clientes en las distintas fases de su proyecto (Concepto, Dise\u00f1o y ensamblaje).<\/p>\n<h2>Formaci\u00f3n<\/h2>\n<p>La preparaci\u00f3n y formaci\u00f3n del personal local est\u00e1n incluidas en la fase de Implementaci\u00f3n del Proyecto.<\/p>\n<h2>Embalaje y Transporte<\/h2>\n<p>Nuestros RAK Kits son cuidadosamente embalados en un palet de dise\u00f1o exclusivo que permite transportarlo y manipularlo de una manera f\u00e1cil y sencilla y es perfecto para ser transportado en Contenedores ISO.<\/p>\n<\/div>\n<\/div>\n<div class=\"page-products--kits__right-icon\"><img decoding=\"async\" src=\"http:\/\/www.els-industries.com\/wp-content\/themes\/els2016\/images\/icon-els.svg\" \/><\/div>\n<\/section>\n<section class=\"special-image\">\n<figure class=\"special-image__item\" data-seres-role=\"kit-image\"><img decoding=\"async\" loading=\"lazy\" src=\"http:\/\/www.els-industries.com\/wp-content\/themes\/els2016\/images\/img-rak.jpg\" width=\"1320\" height=\"300\" \/><\/figure>\n<\/section>\n<p><\/p>","protected":false},"excerpt":{"rendered":"<p>El concepto revolucionario de RAK by ELS permite ensamblar carrocer\u00edas de log\u00edstica militar en cualquier lugar del mundo de la manera m\u00e1s simple, r\u00e1pida y econ\u00f3mica. Kits &#8211; Disponibles en CKD kits completo para ensamblar SKD semi ensamblado Los Kits de ensamblaje r\u00e1pido RAK incluyen todas las instrucciones de montaje y ensamblaje, listado de herramientas, [&hellip;]<\/p>\n","protected":false},"author":1,"featured_media":0,"parent":0,"menu_order":0,"comment_status":"closed","ping_status":"closed","template":"template-kits.php","meta":[],"_links":{"self":[{"href":"https:\/\/www.els-industries.com\/es\/wp-json\/wp\/v2\/pages\/25"}],"collection":[{"href":"https:\/\/www.els-industries.com\/es\/wp-json\/wp\/v2\/pages"}],"about":[{"href":"https:\/\/www.els-industries.com\/es\/wp-json\/wp\/v2\/types\/page"}],"author":[{"embeddable":true,"href":"https:\/\/www.els-industries.com\/es\/wp-json\/wp\/v2\/users\/1"}],"replies":[{"embeddable":true,"href":"https:\/\/www.els-industries.com\/es\/wp-json\/wp\/v2\/comments?post=25"}],"version-history":[{"count":21,"href":"https:\/\/www.els-industries.com\/es\/wp-json\/wp\/v2\/pages\/25\/revisions"}],"predecessor-version":[{"id":390,"href":"https:\/\/www.els-industries.com\/es\/wp-json\/wp\/v2\/pages\/25\/revisions\/390"}],"wp:attachment":[{"href":"https:\/\/www.els-industries.com\/es\/wp-json\/wp\/v2\/media?parent=25"}],"curies":[{"name":"wp","href":"https:\/\/api.w.org\/{rel}","templated":true}]}}