{"id":51,"date":"2016-07-20T08:01:54","date_gmt":"2016-07-20T08:01:54","guid":{"rendered":"http:\/\/www.els-industries.com\/?page_id=51"},"modified":"2019-02-19T15:47:06","modified_gmt":"2019-02-19T15:47:06","slug":"politica-de-privacidad","status":"publish","type":"page","link":"https:\/\/www.els-industries.com\/es\/politica-de-privacidad\/","title":{"rendered":"Pol\u00edtica de privacidad"},"content":{"rendered":"<p><\/p>\n<h3>I.\u00a0 RESPONSABLE DEL TRATAMIENTO<\/h3>\n<ul>\n<li><strong>NOMBRE \/ DENOMINACI\u00d3N SOCIAL:<\/strong> ENGINEERED LAND SYSTEMS, SL<\/li>\n<li><strong>CIF \/ NIF:<\/strong> B13556071<\/li>\n<li><strong>DOMICILIO SOCIAL \/ PROFESIONAL:<\/strong> Carretera Argamasilla de Alba km 1,900, 13700 &#8211; Tomelloso (Ciudad Real)<\/li>\n<li><strong>TEL\u00c9FONO:<\/strong> 926510586<\/li>\n<li><strong>DIRECCI\u00d3N DE CORREO ELECTR\u00d3NICO:<\/strong> <a href=\"mailto:hello@els-industries.com\">hello@els-industries.com<\/a><\/li>\n<li><strong>DATOS DE INSCRIPCI\u00d3N EN EL REGISTRO MERCANTIL \/ REGISTRO P\u00daBLICO:<\/strong>\u00a0 Inscrita en el Registro Mercantil de Ciudad Real, en el Tomo: 572, Libro: 0, Folio: 4, Hoja: CR-22888, Inscrip.: 1\u00aa.<\/li>\n<\/ul>\n<h3>II. CUMPLIMIENTO DE LA NORMATIVA<\/h3>\n<p>ENGINEERED LAND SYSTEMS, S.L. garantiza en todo momento el \u00edntegro y pleno cumplimiento de las obligaciones dispuestas por la normativa de protecci\u00f3n de datos y de servicios de la sociedad de la informaci\u00f3n, as\u00ed como por cualquier otra Ley o norma que complemente o sustituya a las anteriores.<\/p>\n<h3>III. FINALIDAD DEL TRATAMIENTO<\/h3>\n<p>Le informamos de modo expreso, preciso e inequ\u00edvoco que los datos facilitados por usted ser\u00e1n utilizados:<\/p>\n<ul>\n<li>A trav\u00e9s del tel\u00e9fono, correo electr\u00f3nico o medios de comunicaci\u00f3n electr\u00f3nica equivalentes indicados en la p\u00e1gina web, para responder cualquier consulta, duda, sugerencia, etc. relacionada con nuestros productos y servicios. Igualmente, para gestionar cualquier solicitud de sugerencia, duda, queja o reclamaci\u00f3n relacionada con los servicios y productos de ENGINEERED LAND SYSTEMS, S.L.<\/li>\n<li>Para el mantenimiento de las relaciones con clientes, como ser\u00eda, por ejemplo, la contrataci\u00f3n de servicios de ENGINEERED LAND SYSTEMS, S.L. y la consiguiente gesti\u00f3n derivada de la misma.<\/li>\n<li>Para el tratamiento de los datos personales de empresarios individuales y personas de contacto de empresas en su mantenimiento de relaciones, independientemente de que sean comerciales\/transaccionales o no.<\/li>\n<li>Para gestionar los curr\u00edculo vitae recibidos y poder as\u00ed participar en los diferentes procesos de selecci\u00f3n de personal que se lleven a cabo en la entidad.<\/li>\n<\/ul>\n<h3>IV. LEGITIMACI\u00d3N DEL TRATAMIENTO\u00a0<\/h3>\n<ul>\n<li>La base legal para el tratamiento de sus datos es el consentimiento del interesado, este consentimiento se solicita a trav\u00e9s de la marcaci\u00f3n de la casilla correspondiente dispuesta al efecto en nuestra p\u00e1gina web as\u00ed como en otros formularios dispuestos al efecto.<\/li>\n<li>Adicionalmente, basamos la legitimaci\u00f3n en la ejecuci\u00f3n de medidas precontractuales o de un contracto solicitado por el interesado, en el inter\u00e9s leg\u00edtimo del responsable, siempre que sobre dichos intereses no prevalezcan los intereses o los derechos y libertades fundamentales de los interesados.<\/li>\n<\/ul>\n<p>La negativa a facilitar sus datos llevar\u00eda aparejada la imposibilidad del mantenimiento y cumplimiento de la relaci\u00f3n con nuestra entidad, ya que los mismos son necesarios para la prestaci\u00f3n de servicios derivada de la misma.<\/p>\n<h3>V. CESI\u00d3N DE LOS DATOS<\/h3>\n<p>ENGINEERED LAND SYSTEMS, S.L. no ceder\u00e1 los datos personales a ning\u00fan tercero sin una base jur\u00eddica que legitime este tratamiento.<\/p>\n<p>ENGINEERED LAND SYSTEMS, S.L. le informa que realizar\u00e1 encargos de tratamiento a terceros conforme al Reglamento de Protecci\u00f3n de Datos, exigi\u00e9ndoles todas las garant\u00edas sobre protecci\u00f3n de datos, siempre que se encuentren dentro del Espacio Econ\u00f3mico Europeo (EEE).<\/p>\n<h3>VI. PRINCIPIO DE CALIDAD DEL TRATAMIENTO<\/h3>\n<p>El interesado ser\u00e1 el \u00fanico responsable de la veracidad y exactitud de los datos aportados, actuando ENGINEERED LAND SYSTEMS, S.L. de buena fe como mero prestador del servicio.<\/p>\n<p>En el supuesto de que el interesado facilite datos falsos o de terceras personas sin mediar su consentimiento para ello, responder\u00e1 personalmente frente a\u00a0ENGINEERED LAND SYSTEMS, S.L. los afectados o interesados, Agencia Espa\u00f1ola de Protecci\u00f3n de Datos y, en su caso, autoridades auton\u00f3micas de protecci\u00f3n de datos, de las responsabilidades derivadas de dicha circunstancia.<\/p>\n<p>El interesado se compromete a comunicar a\u00a0ENGINEERED LAND SYSTEMS, S.L. los cambios que se produzcan en sus datos, de forma que respondan con veracidad a su situaci\u00f3n actual en todo momento.<\/p>\n<h3>VII. MENORES DE EDAD<\/h3>\n<p>ENGINEERED LAND SYSTEMS, S.L. no recoge datos de personas menores de catorce a\u00f1os a trav\u00e9s de su p\u00e1gina web. En el supuesto de que una persona menor de catorce a\u00f1os facilite sus datos a trav\u00e9s de los formularios dispuestos al efecto en nuestra p\u00e1gina web o en cualquier otro canal de recogida de los mismos, se proceder\u00e1 a su destrucci\u00f3n inmediata en el mismo momento en que se tenga conocimiento de tal circunstancia.<\/p>\n<h3>VIII. PRINCIPIOS DE SEGURIDAD DEL TRATAMIENTO<\/h3>\n<p>ENGINEERED LAND SYSTEMS, S.L. se compromete al cumplimiento de su obligaci\u00f3n de secreto respecto de los datos de car\u00e1cter personal y de su deber de guardarlos y adoptar\u00e1 todas las medidas de \u00edndole t\u00e9cnica y organizativa necesarias que garanticen la seguridad de los datos de car\u00e1cter personal y eviten su alteraci\u00f3n, p\u00e9rdida, tratamiento o acceso no autorizado, habida cuenta del estado de la t\u00e9cnica, la naturaleza, el alcance, el contexto, los fines de tratamiento y los riesgos a que est\u00e9n expuestos, ya provengan de la acci\u00f3n humana o del medio f\u00edsico o natural.<\/p>\n<h3>IX. PLAZO DE CONSERVACI\u00d3N DE LOS DATOS<\/h3>\n<p>Los datos personales del interesado ser\u00e1n tratados de forma activa mientras persista la relaci\u00f3n comercial\/contractual o mientras no ejerza su derecho de supresi\u00f3n.<\/p>\n<p>Una vez finalizado el servicio, se mantendr\u00e1n los datos el tiempo que exige la normativa, y hasta que prescriban las responsabilidades derivadas del mismo.<\/p>\n<p>En caso de los datos personales de los solicitantes de empleo, ser\u00e1n tratados de forma activa mientras persista la relaci\u00f3n o mientras no ejerza su derecho de supresi\u00f3n, nunca llegando a un a\u00f1o desde la \u00faltima interacci\u00f3n con el interesado.<\/p>\n<h3>X. EJERCICIO DE DERECHOS<\/h3>\n<p>\u00a0El interesado podr\u00e1 ejercer en cualquier momento, los derechos de acceso, rectificaci\u00f3n, supresi\u00f3n, oposici\u00f3n, portabilidad y limitaci\u00f3n, dirigi\u00e9ndose a\u00a0CTRA. ARGAMASILLA, KM. 1,9 &#8211; 13700 &#8211; TOMELLOSO \u2013 (CIUDAD REAL) o a la siguiente direcci\u00f3n de correo electr\u00f3nico\u00a0<a href=\"mailto:hello@els-industries.com\">hello@els-industries.com<\/a> acreditando su identidad con una fotocopia de su DNI o documento equivalente, y especificando el derecho que desea ejercer.<\/p>\n<p>Cualquier persona tiene derecho a obtener confirmaci\u00f3n sobre si en\u00a0ENGINEERED LAND SYSTEMS, S.L. estamos tratando datos personales que les conciernan, o no.<\/p>\n<p>Las personas interesadas tienen derecho a acceder a sus datos personales, as\u00ed como a solicitar la rectificaci\u00f3n de los datos inexactos o, en su caso, solicitar su supresi\u00f3n cuando, entre otros motivos, los datos ya no sean necesarios para los fines que fueron recogidos.<\/p>\n<p>En determinadas circunstancias, los interesados podr\u00e1n solicitar la limitaci\u00f3n del tratamiento de sus datos, en cuyo caso \u00fanicamente los conservaremos para el ejercicio o la defensa de reclamaciones.<\/p>\n<p>En determinadas circunstancias y por motivos relacionados con su situaci\u00f3n particular, los interesados podr\u00e1n oponerse al tratamiento de sus datos. En este caso,\u00a0ENGINEERED LAND SYSTEMS, S.L. dejar\u00e1 de tratar los datos, salvo por motivos leg\u00edtimos imperiosos, o el ejercicio o la defensa de posibles reclamaciones.<\/p>\n<p>Si ha otorgado su consentimiento para alguna finalidad concreta, tiene derecho a retirar el consentimiento otorgado en cualquier momento, sin que ello afecte a la licitud del tratamiento basado en el consentimiento previo a su retirada.<\/p>\n<p>El interesado tendr\u00e1 derecho a formular una queja o reclamaci\u00f3n ante la Agencia Espa\u00f1ola de Protecci\u00f3n de Datos (www.agpd.es) en caso de que sienta vulnerados sus derechos en lo concerniente a la protecci\u00f3n de sus datos personales, especialmente cuando no haya obtenido satisfacci\u00f3n en el ejercicio de sus derechos.<\/p>\n<p><\/p>","protected":false},"excerpt":{"rendered":"<p>I.\u00a0 RESPONSABLE DEL TRATAMIENTO NOMBRE \/ DENOMINACI\u00d3N SOCIAL: ENGINEERED LAND SYSTEMS, SL CIF \/ NIF: B13556071 DOMICILIO SOCIAL \/ PROFESIONAL: Carretera Argamasilla de Alba km 1,900, 13700 &#8211; Tomelloso (Ciudad Real) TEL\u00c9FONO: 926510586 DIRECCI\u00d3N DE CORREO ELECTR\u00d3NICO: hello@els-industries.com DATOS DE INSCRIPCI\u00d3N EN EL REGISTRO MERCANTIL \/ REGISTRO P\u00daBLICO:\u00a0 Inscrita en el Registro Mercantil de Ciudad [&hellip;]<\/p>\n","protected":false},"author":1,"featured_media":0,"parent":0,"menu_order":0,"comment_status":"closed","ping_status":"closed","template":"template-legal.php","meta":[],"_links":{"self":[{"href":"https:\/\/www.els-industries.com\/es\/wp-json\/wp\/v2\/pages\/51"}],"collection":[{"href":"https:\/\/www.els-industries.com\/es\/wp-json\/wp\/v2\/pages"}],"about":[{"href":"https:\/\/www.els-industries.com\/es\/wp-json\/wp\/v2\/types\/page"}],"author":[{"embeddable":true,"href":"https:\/\/www.els-industries.com\/es\/wp-json\/wp\/v2\/users\/1"}],"replies":[{"embeddable":true,"href":"https:\/\/www.els-industries.com\/es\/wp-json\/wp\/v2\/comments?post=51"}],"version-history":[{"count":6,"href":"https:\/\/www.els-industries.com\/es\/wp-json\/wp\/v2\/pages\/51\/revisions"}],"predecessor-version":[{"id":791,"href":"https:\/\/www.els-industries.com\/es\/wp-json\/wp\/v2\/pages\/51\/revisions\/791"}],"wp:attachment":[{"href":"https:\/\/www.els-industries.com\/es\/wp-json\/wp\/v2\/media?parent=51"}],"curies":[{"name":"wp","href":"https:\/\/api.w.org\/{rel}","templated":true}]}}